{"id":5293,"date":"2025-04-08T18:43:11","date_gmt":"2025-04-08T16:43:11","guid":{"rendered":"https:\/\/www.maspladecalabuig.com\/aviso-legal-politica-privacidad\/"},"modified":"2026-02-11T11:15:06","modified_gmt":"2026-02-11T10:15:06","slug":"mentions-legales-politique-confidentialite","status":"publish","type":"page","link":"https:\/\/www.maspladecalabuig.com\/fr\/mentions-legales-politique-confidentialite\/","title":{"rendered":"Mentions l\u00e9gales et politique de confidentialit\u00e9"},"content":{"rendered":"\t\t<div data-elementor-type=\"wp-post\" data-elementor-id=\"5293\" class=\"elementor elementor-5293 elementor-2975\">\n\t\t\t\t\t\t<section class=\"jarallax lazyload has_eae_slider elementor-section elementor-top-section elementor-element elementor-element-b20a133 elementor-section-boxed elementor-section-height-default elementor-section-height-default\" data-jarallax=\"\" data-speed=\"0.75\" data-type=\"scroll\" data-parallax=\"scroll\" style=\"background-image:url(&quot;https:\/\/www.maspladecalabuig.com\/wp-content\/uploads\/2025\/06\/20-the-garden.jpg&quot;);\" data-image-src=\"https:\/\/www.maspladecalabuig.com\/wp-content\/uploads\/2025\/06\/20-the-garden.jpg\" data-eae-slider=\"39948\" data-id=\"b20a133\" data-element_type=\"section\" data-e-type=\"section\" data-settings=\"{&quot;background_background&quot;:&quot;classic&quot;}\">\n\t\t\t\t\t\t\t<div class=\"elementor-background-overlay\"><\/div>\n\t\t\t\t\t\t\t<div class=\"elementor-container elementor-column-gap-default\">\n\t\t\t\t\t<div class=\"has_eae_slider elementor-column elementor-col-100 elementor-top-column elementor-element elementor-element-a357546\" data-eae-slider=\"48414\" data-id=\"a357546\" data-element_type=\"column\" data-e-type=\"column\">\n\t\t\t<div class=\"elementor-widget-wrap elementor-element-populated\">\n\t\t\t\t\t\t<div class=\"elementor-element elementor-element-8caaa6e section-align-center section-size-large subtitle-style-default elementor-widget elementor-widget-section-heading\" data-id=\"8caaa6e\" data-element_type=\"widget\" data-e-type=\"widget\" data-widget_type=\"section-heading.default\">\n\t\t\t\t<div class=\"elementor-widget-container\">\n\t\t\t\t\t<div class=\"section-heading headingstyle-subtitle\"><div class=\"section-title-wrapper\"><h2 class=\"entry-title section-title\">Aviso legal y pol\u00edtica de privacidad<\/h2><\/div><\/div>\t\t\t\t<\/div>\n\t\t\t\t<\/div>\n\t\t\t\t\t<\/div>\n\t\t<\/div>\n\t\t\t\t\t<\/div>\n\t\t<\/section>\n\t\t\t\t<section class=\"has_eae_slider elementor-section elementor-top-section elementor-element elementor-element-591884d elementor-section-boxed elementor-section-height-default elementor-section-height-default\" data-eae-slider=\"14100\" data-id=\"591884d\" data-element_type=\"section\" data-e-type=\"section\" data-settings=\"{&quot;background_background&quot;:&quot;classic&quot;}\">\n\t\t\t\t\t\t\t<div class=\"elementor-background-overlay\"><\/div>\n\t\t\t\t\t\t\t<div class=\"elementor-container elementor-column-gap-default\">\n\t\t\t\t\t<div class=\"has_eae_slider elementor-column elementor-col-100 elementor-top-column elementor-element elementor-element-4dbb605\" data-eae-slider=\"29590\" data-id=\"4dbb605\" data-element_type=\"column\" data-e-type=\"column\">\n\t\t\t<div class=\"elementor-widget-wrap elementor-element-populated\">\n\t\t\t\t\t\t<div class=\"elementor-element elementor-element-3aff31c elementor-widget elementor-widget-text-editor\" data-id=\"3aff31c\" data-element_type=\"widget\" data-e-type=\"widget\" data-widget_type=\"text-editor.default\">\n\t\t\t\t<div class=\"elementor-widget-container\">\n\t\t\t\t\t\t\t\t\t<h2>AVISO LEGAL<\/h2><h4><strong>DATOS IDENTIFICATIVOS DEL TITULAR<\/strong><\/h4><p>En cumplimiento del deber de informaci\u00f3n estipulado en el Art\u00edculo 10 de la Ley 34\/2002, de 11 de julio, de Servicios de la Sociedad de la Informaci\u00f3n y de Comercio Electr\u00f3nico, se comunican los siguientes datos:<\/p><ul><li>Titular: ATLANTIDA PATRIMONIAL, S.L.<\/li><li>NIF\/CIF: B66258948<\/li><li>Domicilio social: Rambla Jacint Verdaguer 85; 08197 Valldoreix<\/li><li>Correo electr\u00f3nico de contacto: <a href=\"mailto:hola@maspladecalabuig.com\">hola@maspladecalabuig.com<\/a><\/li><li>Tel\u00e9fono de contacto: 655 959 641<\/li><li>Datos de inscripci\u00f3n en el Registro Mercantil: inscrita en el Registro Mercantil de esta Provincia, en el tomo 44.235, folio 14, hoja n\u00famero: B-450.489.<\/li><li>Nombre de dominio: www.maspladecalabuig.com (en adelante, el \u00ab\u00a0Sitio Web\u00a0\u00bb)<\/li><li>Licencia Tur\u00edstica: HUTG-019399- 96 y HUTG-029640- 34<\/li><li>Referencia catastral: 17018A003001060001SS Y 17018A003001060000AA<\/li><li>Registro de alquiler asociado al CRU 17012000551116: ESFCTU00001701200055111600000000000000HUTG-019399-966<\/li><\/ul><h4><strong>OBJETO Y \u00c1MBITO DE APLICACI\u00d3N<\/strong><\/h4><p>El presente Aviso Legal regula el acceso, navegaci\u00f3n y uso del Sitio Web, as\u00ed como las responsabilidades derivadas de la utilizaci\u00f3n de sus contenidos (entendiendo en adelante por \u00ab\u00a0contenidos\u00a0\u00bb los textos, gr\u00e1ficos, dibujos, dise\u00f1os, c\u00f3digos, software, fotograf\u00edas, m\u00fasica, v\u00eddeos, sonidos, bases de datos, im\u00e1genes, expresiones e informaciones, as\u00ed como cualquier otra creaci\u00f3n protegida por las leyes nacionales y los tratados internacionales sobre propiedad intelectual e industrial).<\/p><p>El Sitio Web tiene como finalidad principal informar sobre la propiedad de alquiler vacacional de lujo \u00a0\u00ab\u00a0Mas Pla de Calabuig\u00a0\u00bb, mostrar su disponibilidad a trav\u00e9s de un calendario y facilitar un medio de contacto para que los interesados puedan solicitar informaci\u00f3n y, en su caso, proceder a la formalizaci\u00f3n de un contrato de alquiler fuera del entorno del Sitio Web.<\/p><h4><strong>CONDICIONES DE ACCESO Y UTILIZACI\u00d3N DEL SITIO WEB<\/strong><\/h4><p>El acceso al Sitio Web por parte de los Usuarios tiene car\u00e1cter libre y gratuito. No obstante, la utilizaci\u00f3n de ciertos servicios o la solicitud de informaci\u00f3n puede estar sujeta al previo cumplimiento de requisitos espec\u00edficos o la cumplimentaci\u00f3n de formularios.<\/p><p>El Usuario se compromete a hacer un uso adecuado y l\u00edcito del Sitio Web y de los Contenidos, de conformidad con la legislaci\u00f3n aplicable, el presente Aviso Legal, la moral y buenas costumbres generalmente aceptadas y el orden p\u00fablico.<\/p><p>El Usuario se obliga a usar los contenidos de forma diligente, correcta y l\u00edcita y, en particular, se compromete a abstenerse de:<\/p><ul><li>Utilizar los contenidos con fines o efectos contrarios a la ley, a la moral y a las buenas costumbres generalmente aceptadas o al orden p\u00fablico.<\/li><li>Reproducir o copiar, distribuir, permitir el acceso del p\u00fablico a trav\u00e9s de cualquier modalidad de comunicaci\u00f3n p\u00fablica, transformar o modificar los contenidos, a menos que se cuente con la autorizaci\u00f3n del titular de los correspondientes derechos o ello resulte legalmente permitido.<\/li><li>Emplear los contenidos y, en particular, la informaci\u00f3n de cualquier clase obtenida a trav\u00e9s de la p\u00e1gina o de los servicios para remitir publicidad, comunicaciones con fines de venta directa o con cualquier otra clase de finalidad comercial, mensajes no solicitados dirigidos a una pluralidad de personas con independencia de su finalidad, as\u00ed como a abstenerse de comercializar o divulgar de cualquier modo dicha informaci\u00f3n.<\/li><\/ul><h4><strong>PROPIEDAD INTELECTUAL E INDUSTRIAL<\/strong><\/h4><p><strong>\u00a0<\/strong>ATLANTIDA PATRIMONIAL, S.L.\u00a0 por s\u00ed o como cesionario, es titular de todos los derechos de propiedad intelectual e industrial de su p\u00e1gina web, as\u00ed como de los elementos contenidos en la misma (a t\u00edtulo enunciativo, im\u00e1genes, sonido, audio, v\u00eddeo, software o textos; marcas o logotipos, combinaciones de colores, estructura y dise\u00f1o, selecci\u00f3n de materiales usados, programas de ordenador necesarios para su funcionamiento, acceso y uso, etc.), titularidad de ATLANTIDA PATRIMONIAL, S.L. o bien de sus licenciantes.<\/p><p>Todos los derechos reservados. En virtud de lo dispuesto en los art\u00edculos 8 y 32.1, p\u00e1rrafo segundo, de la Ley de Propiedad Intelectual, quedan expresamente prohibidas la reproducci\u00f3n, la distribuci\u00f3n y la comunicaci\u00f3n p\u00fablica, incluida su modalidad de puesta a disposici\u00f3n, de la totalidad o parte de los contenidos de esta p\u00e1gina web, con fines comerciales, en cualquier soporte y por cualquier medio t\u00e9cnico, sin la autorizaci\u00f3n de ATLANTIDA PATRIMONIAL, S.L..<\/p><p>El Usuario se compromete a respetar los derechos de Propiedad Intelectual e Industrial titularidad de ATLANTIDA PATRIMONIAL, S.L..<\/p><h4><strong>EXCLUSI\u00d3N DE GARANT\u00cdAS Y RESPONSABILIDAD<\/strong><\/h4><p>ATLANTIDA PATRIMONIAL, S.L. no se hace responsable, en ning\u00fan caso, de los da\u00f1os y perjuicios de cualquier naturaleza que pudieran ocasionar, a t\u00edtulo enunciativo: errores u omisiones en los contenidos, falta de disponibilidad del portal o la transmisi\u00f3n de virus o programas maliciosos o lesivos en los contenidos, a pesar de haber adoptado todas las medidas tecnol\u00f3gicas necesarias para evitarlo.<\/p><p>El Sitio Web no permite la realizaci\u00f3n de reservas directas ni la recogida de datos de pago (como tarjetas de cr\u00e9dito). La informaci\u00f3n sobre disponibilidad y el contacto a trav\u00e9s del Sitio Web tienen como \u00fanica finalidad facilitar la comunicaci\u00f3n para una posible formalizaci\u00f3n contractual posterior, que se realizar\u00e1 por otros medios ajenos al Sitio Web.<\/p><h4><strong>MODIFICACIONES<\/strong><\/h4><p>ATLANTIDA PATRIMONIAL, S.L. se reserva el derecho de efectuar sin previo aviso las modificaciones que considere oportunas en su portal, pudiendo cambiar, suprimir o a\u00f1adir tanto los contenidos y servicios que se presten a trav\u00e9s de la misma como la forma en la que \u00e9stos aparezcan presentados o localizados en su portal.<\/p><h4><strong>ENLACES<\/strong><\/h4><p>En el caso de que en www.maspladecalabuig.com se dispusiesen enlaces o hiperv\u00ednculos hac\u00eda otros sitios de Internet (por ejemplo, a plataformas de reserva como Airbnb), ATLANTIDA PATRIMONIAL, S.L. no ejercer\u00e1 ning\u00fan tipo de control sobre dichos sitios y contenidos. En ning\u00fan caso ATLANTIDA PATRIMONIAL, S.L. asumir\u00e1 responsabilidad alguna por los contenidos de alg\u00fan enlace perteneciente a un sitio web ajeno, ni garantizar\u00e1 la disponibilidad t\u00e9cnica, calidad, fiabilidad, exactitud, amplitud, veracidad, validez y constitucionalidad de cualquier material o informaci\u00f3n contenida en ninguno de dichos hiperv\u00ednculos u otros sitios de Internet. Igualmente, la inclusi\u00f3n de estas conexiones externas no implicar\u00e1 ning\u00fan tipo de asociaci\u00f3n, fusi\u00f3n o participaci\u00f3n con las entidades conectadas.<\/p><h4><strong>DERECHO DE EXCLUSI\u00d3N<\/strong><\/h4><p>ATLANTIDA PATRIMONIAL, S.L. se reserva el derecho a denegar o retirar el acceso al portal y\/o los servicios ofrecidos sin necesidad de preaviso, a instancia propia o de un tercero, a aquellos usuarios que incumplan las presentes Condiciones Generales de Uso.<\/p><h4><strong> GENERALIDADES<\/strong><\/h4><p>ATLANTIDA PATRIMONIAL, S.L. perseguir\u00e1 el incumplimiento de las presentes condiciones, as\u00ed como cualquier utilizaci\u00f3n indebida de su portal ejerciendo todas las acciones civiles y penales que le puedan corresponder en derecho.<\/p><h4><strong> LEGISLACI\u00d3N APLICABLE Y JURISDICCI\u00d3N<\/strong><\/h4><p>La relaci\u00f3n entre ATLANTIDA PATRIMONIAL, S.L. y el Usuario se regir\u00e1 por la normativa espa\u00f1ola vigente y cualquier controversia se someter\u00e1 a los Juzgados y tribunales de la ciudad de Barcelona.<\/p><h2><strong>POL\u00cdTICA DE PRIVACIDAD<\/strong><\/h2><h4><strong>RESPONSABLE DEL TRATAMIENTO DE SUS DATOS<\/strong><\/h4><ul><li>Titular: ATLANTIDA PATRIMONIAL, S.L.<\/li><li>NIF\/CIF: B66258948<\/li><li>Domicilio social: Rambla Jacint Verdaguer 85; 08197 Valldoreix<\/li><li>Correo electr\u00f3nico de contacto: <a href=\"mailto:hola@maspladecalabuig.com\">hola@maspladecalabuig.com<\/a><\/li><li>Tel\u00e9fono de contacto: 655 959 641<\/li><\/ul><h4><strong>FINALIDAD DEL TRATAMIENTO DE LOS DATOS PERSONALES<\/strong><\/h4><p>Los datos personales que usted nos facilite a trav\u00e9s de los formularios de contacto o mediante el env\u00edo de correos electr\u00f3nicos a las direcciones publicadas en el Sitio Web www.maspladecalabuig.com ser\u00e1n tratados con las siguientes finalidades:<\/p><ul><li>Gestionar su solicitud de informaci\u00f3n sobre la propiedad de alquiler vacacional de lujo \u00ab\u00a0Mas Pla de Calabuig\u00a0\u00bb y su disponibilidad.<\/li><li>Contactar con usted para proporcionar la informaci\u00f3n solicitada y, en su caso, facilitar los tr\u00e1mites necesarios para la formalizaci\u00f3n de un contrato de alquiler de la propiedad. Esta formalizaci\u00f3n se realizar\u00e1 siempre fuera del entorno del Sitio Web.<\/li><li>Gestionar la relaci\u00f3n precontractual y, si procede, contractual derivada del alquiler de la casa rural.<\/li><\/ul><p>Le informamos expresamente que el Sitio Web no recoge datos de tarjetas de cr\u00e9dito ni ning\u00fan otro medio de pago. La recogida de datos se limita a la informaci\u00f3n de contacto necesaria para las finalidades descritas.<\/p><h4><strong>LEGITIMACI\u00d3N PARA EL TRATAMIENTO DE SUS DATOS<\/strong><\/h4><p>La base legal para el tratamiento de sus datos personales es:<\/p><ul><li>El consentimiento que usted otorga al cumplimentar y enviar un formulario de contacto o al enviar un correo electr\u00f3nico solicitando informaci\u00f3n, de conformidad con el Reglamento (UE) 2016\/679 (RGPD) y el la Ley Org\u00e1nica 3\/2018, de 5 de diciembre, de Protecci\u00f3n de Datos Personales y garant\u00eda de los derechos digitales (LOPDGDD).<\/li><li>La aplicaci\u00f3n, a petici\u00f3n suya, de medidas precontractuales para la posible formalizaci\u00f3n de un contrato de alquiler, de conformidad con el art\u00edculo 6.1.b) del RGPD.<\/li><\/ul><h4><strong>DATOS PERSONALES TRATADOS<\/strong><\/h4><p><strong>\u00a0<\/strong>Los datos personales que se recoger\u00e1n y tratar\u00e1n a trav\u00e9s del Sitio Web son<\/p><ul><li>Nombre y apellidos.<\/li><li>N\u00famero de tel\u00e9fono.<\/li><li>Direcci\u00f3n de correo electr\u00f3nico.<\/li><\/ul><p>No se solicitar\u00e1n ni tratar\u00e1n categor\u00edas especiales de datos personales.<\/p><h4><strong>CONSERVACI\u00d3N DE LOS DATOS<\/strong><\/h4><p>Sus datos personales ser\u00e1n conservados durante el tiempo estrictamente necesario para cumplir con las finalidades para las que fueron recabados. En concreto:<\/p><ul><li>Los datos proporcionados para la gesti\u00f3n de consultas se conservar\u00e1n mientras sea necesario para atender su solicitud.<\/li><li>Si se formaliza un contrato de alquiler, los datos se conservar\u00e1n mientras dure la relaci\u00f3n contractual y, posteriormente, durante los plazos legalmente exigidos para la atenci\u00f3n de posibles responsabilidades derivadas del mismo.<\/li><\/ul><p>Una vez que los datos dejen de ser necesarios para los fines indicados, se proceder\u00e1 a su supresi\u00f3n, salvo que una disposici\u00f3n legal exija su conservaci\u00f3n durante un plazo superior.<\/p><h4><strong> DESTINATARIOS DE LOS DATOS<\/strong><\/h4><p>Sus datos personales no ser\u00e1n cedidos a terceros, salvo que exista una obligaci\u00f3n legal que as\u00ed lo requiera.<\/p><p>No se realizar\u00e1n transferencias internacionales de sus datos personales.<\/p><h4><strong> DERECHOS DE LOS INTERESADOS<\/strong><\/h4><p>Usted tiene derecho a obtener confirmaci\u00f3n sobre si estamos tratando datos personales que le conciernen. Asimismo, tiene derecho a ejercer los siguientes derechos:<\/p><ul><li>Derecho de acceso: A saber qu\u00e9 datos suyos estamos tratando.<\/li><li>Derecho de rectificaci\u00f3n: A solicitar la correcci\u00f3n de datos inexactos.<\/li><li>Derecho de supresi\u00f3n : A solicitar la eliminaci\u00f3n de sus datos cuando, entre otros motivos, ya no sean necesarios para los fines para los que fueron recogidos.<\/li><li>Derecho a la limitaci\u00f3n del tratamiento: En determinadas circunstancias, podr\u00e1 solicitar la limitaci\u00f3n del tratamiento de sus datos, en cuyo caso \u00fanicamente los conservaremos para el ejercicio o la defensa de reclamaciones.<\/li><li>Derecho a la portabilidad de los datos: A recibir los datos personales que le incumban, que nos haya facilitado, en un formato estructurado, de uso com\u00fan y lectura mec\u00e1nica, y a transmitirlos a otro responsable del tratamiento sin que lo impidamos.<\/li><li>Derecho de oposici\u00f3n: En determinadas circunstancias y por motivos relacionados con su situaci\u00f3n particular, podr\u00e1 oponerse al tratamiento de sus datos. El Responsable del Tratamiento dejar\u00e1 de tratar los datos, salvo por motivos leg\u00edtimos imperiosos, o el ejercicio o la defensa de posibles reclamaciones.<\/li><\/ul><p>Podr\u00e1 ejercer dichos derechos dirigiendo una comunicaci\u00f3n escrita al domicilio social de ATLANTIDA PATRIMONIAL, S.L. o a la direcci\u00f3n de correo electr\u00f3nico \u00a0hola@maspladecalabuig.com, adjuntando copia de su DNI o documento identificativo equivalente.<\/p><p>Asimismo, si considera que el tratamiento de sus datos personales vulnera la normativa de protecci\u00f3n de datos, tiene derecho a presentar una reclamaci\u00f3n ante la Agencia Espa\u00f1ola de Protecci\u00f3n de Datos (www.aepd.es).<\/p><h4><strong>MEDIDAS DE SEGURIDAD<\/strong><\/h4><p>El Responsable del Tratamiento ha adoptado las medidas de \u00edndole t\u00e9cnica y organizativa necesarias para garantizar la seguridad de los datos de car\u00e1cter personal y evitar su alteraci\u00f3n, p\u00e9rdida, tratamiento o acceso no autorizado, habida cuenta del estado de la tecnolog\u00eda, la naturaleza de los datos almacenados y los riesgos a que est\u00e1n expuestos, ya provengan de la acci\u00f3n humana o del medio f\u00edsico o natural.<\/p><h4><strong>MENORES DE EDAD<\/strong><\/h4><p>Los servicios ofrecidos a trav\u00e9s del Sitio Web no est\u00e1n dirigidos a menores de 18 a\u00f1os. No recopilamos de forma consciente informaci\u00f3n personal de menores de 18 a\u00f1os. Si usted es menor de 18 a\u00f1os, no utilice ni proporcione informaci\u00f3n en este Sitio Web. Si descubrimos que hemos recopilado o recibido informaci\u00f3n personal de un menor de 18 a\u00f1os sin verificaci\u00f3n del consentimiento parental, eliminaremos esa informaci\u00f3n.<\/p><h4><strong> MODIFICACI\u00d3N DE LA POL\u00cdTICA DE PRIVACIDAD<\/strong><\/h4><p>El Responsable del Tratamiento se reserva el derecho a modificar la presente Pol\u00edtica de Privacidad para adaptarla a novedades legislativas o jurisprudenciales, as\u00ed como a pr\u00e1cticas del sector. En dichos supuestos, se anunciar\u00e1n en esta p\u00e1gina los cambios introducidos con razonable antelaci\u00f3n a su puesta en pr\u00e1ctica.<\/p>\t\t\t\t\t\t\t\t<\/div>\n\t\t\t\t<\/div>\n\t\t\t\t\t<\/div>\n\t\t<\/div>\n\t\t\t\t\t<\/div>\n\t\t<\/section>\n\t\t\t\t<\/div>\n\t\t","protected":false},"excerpt":{"rendered":"<p>Aviso legal y pol\u00edtica de privacidad AVISO LEGAL DATOS IDENTIFICATIVOS DEL TITULAR En cumplimiento del deber de informaci\u00f3n estipulado en el Art\u00edculo 10 de la Ley 34\/2002, de 11 de julio, de Servicios de la Sociedad de la Informaci\u00f3n y de Comercio Electr\u00f3nico, se comunican los siguientes datos: Titular: ATLANTIDA PATRIMONIAL, S.L. NIF\/CIF: B66258948 Domicilio social: Rambla Jacint Verdaguer 85; 08197 Valldoreix Correo electr\u00f3nico de contacto: hola@maspladecalabuig.com Tel\u00e9fono de contacto: 655 959 641 Datos de inscripci\u00f3n en el Registro Mercantil: [&hellip;]<\/p>\n","protected":false},"author":1,"featured_media":0,"parent":0,"menu_order":0,"comment_status":"closed","ping_status":"closed","template":"","meta":{"footnotes":""},"class_list":["post-5293","page","type-page","status-publish","hentry"],"_links":{"self":[{"href":"https:\/\/www.maspladecalabuig.com\/fr\/wp-json\/wp\/v2\/pages\/5293","targetHints":{"allow":["GET"]}}],"collection":[{"href":"https:\/\/www.maspladecalabuig.com\/fr\/wp-json\/wp\/v2\/pages"}],"about":[{"href":"https:\/\/www.maspladecalabuig.com\/fr\/wp-json\/wp\/v2\/types\/page"}],"author":[{"embeddable":true,"href":"https:\/\/www.maspladecalabuig.com\/fr\/wp-json\/wp\/v2\/users\/1"}],"replies":[{"embeddable":true,"href":"https:\/\/www.maspladecalabuig.com\/fr\/wp-json\/wp\/v2\/comments?post=5293"}],"version-history":[{"count":4,"href":"https:\/\/www.maspladecalabuig.com\/fr\/wp-json\/wp\/v2\/pages\/5293\/revisions"}],"predecessor-version":[{"id":6455,"href":"https:\/\/www.maspladecalabuig.com\/fr\/wp-json\/wp\/v2\/pages\/5293\/revisions\/6455"}],"wp:attachment":[{"href":"https:\/\/www.maspladecalabuig.com\/fr\/wp-json\/wp\/v2\/media?parent=5293"}],"curies":[{"name":"wp","href":"https:\/\/api.w.org\/{rel}","templated":true}]}}